{"id":1539,"date":"2022-06-30T13:51:28","date_gmt":"2022-06-30T13:51:28","guid":{"rendered":"http:\/\/demo68.mageindia.co.in\/?page_id=1539"},"modified":"2024-05-27T13:26:14","modified_gmt":"2024-05-27T13:26:14","slug":"careers","status":"publish","type":"page","link":"https:\/\/gsez.com\/fr\/careers\/","title":{"rendered":"Carri\u00e8res"},"content":{"rendered":"<div data-elementor-type=\"wp-page\" data-elementor-id=\"1539\" class=\"elementor elementor-1539\">\n\t\t\t\t\t\t<section class=\"elementor-section elementor-top-section elementor-element elementor-element-823300a elementor-section-full_width elementor-section-stretched elementor-section-height-default elementor-section-height-default\" data-id=\"823300a\" data-element_type=\"section\" data-e-type=\"section\" data-settings=\"{&quot;stretch_section&quot;:&quot;section-stretched&quot;,&quot;background_background&quot;:&quot;classic&quot;}\">\n\t\t\t\t\t\t<div class=\"elementor-container elementor-column-gap-default\">\n\t\t\t\t\t<div class=\"elementor-column elementor-col-100 elementor-top-column elementor-element elementor-element-f43cc96\" data-id=\"f43cc96\" data-element_type=\"column\" data-e-type=\"column\">\n\t\t\t<div class=\"elementor-widget-wrap elementor-element-populated\">\n\t\t\t\t\t\t<div class=\"elementor-element elementor-element-56690bd elementor-widget elementor-widget-heading\" data-id=\"56690bd\" data-element_type=\"widget\" data-e-type=\"widget\" data-widget_type=\"heading.default\">\n\t\t\t\t<div class=\"elementor-widget-container\">\n\t\t\t\t\t<h1 class=\"elementor-heading-title elementor-size-default\">CARRI\u00c8RES<\/h1>\t\t\t\t<\/div>\n\t\t\t\t<\/div>\n\t\t\t\t<div class=\"elementor-element elementor-element-8c14c8d elementor-widget__width-auto elementor-widget elementor-widget-heading\" data-id=\"8c14c8d\" data-element_type=\"widget\" data-e-type=\"widget\" data-widget_type=\"heading.default\">\n\t\t\t\t<div class=\"elementor-widget-container\">\n\t\t\t\t\t<p class=\"elementor-heading-title elementor-size-default\">Vous \u00eates qualifi\u00e9(e) et souhaitez rejoindre une entreprise multiculturelle ? Chez GSEZ, nous c\u00e9l\u00e9brons la diversit\u00e9 et offrons un environnement de travail inclusif \u00e0 tous ses employ\u00e9s. Postulez d\u00e8s maintenant et faites partie de notre aventure ! <\/p>\t\t\t\t<\/div>\n\t\t\t\t<\/div>\n\t\t\t\t<div class=\"elementor-element elementor-element-88ae8d7 elementor-align-center elementor-widget elementor-widget-button\" data-id=\"88ae8d7\" data-element_type=\"widget\" data-e-type=\"widget\" data-widget_type=\"button.default\">\n\t\t\t\t<div class=\"elementor-widget-container\">\n\t\t\t\t\t\t\t\t\t<div class=\"elementor-button-wrapper\">\n\t\t\t\t\t<a class=\"elementor-button elementor-button-link elementor-size-sm\" href=\"mailto:job.hr@arisenet.com\">\n\t\t\t\t\t\t<span class=\"elementor-button-content-wrapper\">\n\t\t\t\t\t\t\t\t\t<span class=\"elementor-button-text\">POSTULER <\/span>\n\t\t\t\t\t<\/span>\n\t\t\t\t\t<\/a>\n\t\t\t\t<\/div>\n\t\t\t\t\t\t\t\t<\/div>\n\t\t\t\t<\/div>\n\t\t\t\t\t<\/div>\n\t\t<\/div>\n\t\t\t\t\t<\/div>\n\t\t<\/section>\n\t\t\t\t<section class=\"elementor-section elementor-top-section elementor-element elementor-element-6197194 elementor-section-full_width elementor-section-stretched elementor-section-height-default elementor-section-height-default\" data-id=\"6197194\" data-element_type=\"section\" data-e-type=\"section\" data-settings=\"{&quot;stretch_section&quot;:&quot;section-stretched&quot;}\">\n\t\t\t\t\t\t<div class=\"elementor-container elementor-column-gap-default\">\n\t\t\t\t\t<div class=\"elementor-column elementor-col-100 elementor-top-column elementor-element elementor-element-0d98da0\" data-id=\"0d98da0\" data-element_type=\"column\" data-e-type=\"column\">\n\t\t\t<div class=\"elementor-widget-wrap elementor-element-populated\">\n\t\t\t\t\t\t<div class=\"elementor-element elementor-element-6fb506d elementor-widget elementor-widget-image\" data-id=\"6fb506d\" data-element_type=\"widget\" data-e-type=\"widget\" data-widget_type=\"image.default\">\n\t\t\t\t<div class=\"elementor-widget-container\">\n\t\t\t\t\t\t\t\t\t\t\t\t\t\t\t<img fetchpriority=\"high\" decoding=\"async\" width=\"1440\" height=\"333\" src=\"https:\/\/gsez.com\/wp-content\/uploads\/2022\/07\/image-22.png\" class=\"attachment-full size-full wp-image-1565\" alt=\"\" srcset=\"https:\/\/gsez.com\/wp-content\/uploads\/2022\/07\/image-22.png 1440w, https:\/\/gsez.com\/wp-content\/uploads\/2022\/07\/image-22-300x69.png 300w, https:\/\/gsez.com\/wp-content\/uploads\/2022\/07\/image-22-1024x237.png 1024w, https:\/\/gsez.com\/wp-content\/uploads\/2022\/07\/image-22-768x178.png 768w, https:\/\/gsez.com\/wp-content\/uploads\/2022\/07\/image-22-920x213.png 920w, https:\/\/gsez.com\/wp-content\/uploads\/2022\/07\/image-22-230x53.png 230w, https:\/\/gsez.com\/wp-content\/uploads\/2022\/07\/image-22-350x81.png 350w, https:\/\/gsez.com\/wp-content\/uploads\/2022\/07\/image-22-480x111.png 480w\" sizes=\"(max-width: 1440px) 100vw, 1440px\" \/>\t\t\t\t\t\t\t\t\t\t\t\t\t\t\t<\/div>\n\t\t\t\t<\/div>\n\t\t\t\t\t<\/div>\n\t\t<\/div>\n\t\t\t\t\t<\/div>\n\t\t<\/section>\n\t\t\t\t<section class=\"elementor-section elementor-top-section elementor-element elementor-element-35528d3 elementor-section-full_width elementor-section-stretched elementor-section-height-default elementor-section-height-default\" data-id=\"35528d3\" data-element_type=\"section\" data-e-type=\"section\" data-settings=\"{&quot;stretch_section&quot;:&quot;section-stretched&quot;}\">\n\t\t\t\t\t\t<div class=\"elementor-container elementor-column-gap-default\">\n\t\t\t\t\t<div class=\"elementor-column elementor-col-100 elementor-top-column elementor-element elementor-element-9b08d6d\" data-id=\"9b08d6d\" data-element_type=\"column\" data-e-type=\"column\">\n\t\t\t<div class=\"elementor-widget-wrap elementor-element-populated\">\n\t\t\t\t\t\t<div class=\"elementor-element elementor-element-e19272b elementor-widget elementor-widget-heading\" data-id=\"e19272b\" data-element_type=\"widget\" data-e-type=\"widget\" data-widget_type=\"heading.default\">\n\t\t\t\t<div class=\"elementor-widget-container\">\n\t\t\t\t\t<h2 class=\"elementor-heading-title elementor-size-default\">WHY JOIN US?<\/h2>\t\t\t\t<\/div>\n\t\t\t\t<\/div>\n\t\t\t\t\t<\/div>\n\t\t<\/div>\n\t\t\t\t\t<\/div>\n\t\t<\/section>\n\t\t\t\t<section class=\"elementor-section elementor-top-section elementor-element elementor-element-8048d68 elementor-section-full_width elementor-section-stretched elementor-section-height-default elementor-section-height-default\" data-id=\"8048d68\" data-element_type=\"section\" data-e-type=\"section\" data-settings=\"{&quot;stretch_section&quot;:&quot;section-stretched&quot;}\">\n\t\t\t\t\t\t<div class=\"elementor-container elementor-column-gap-default\">\n\t\t\t\t\t<div class=\"elementor-column elementor-col-100 elementor-top-column elementor-element elementor-element-98420df\" data-id=\"98420df\" data-element_type=\"column\" data-e-type=\"column\">\n\t\t\t<div class=\"elementor-widget-wrap elementor-element-populated\">\n\t\t\t\t\t\t<div class=\"elementor-element elementor-element-8dd0bec elementor-widget__width-auto elementor-widget elementor-widget-heading\" data-id=\"8dd0bec\" data-element_type=\"widget\" data-e-type=\"widget\" data-widget_type=\"heading.default\">\n\t\t\t\t<div class=\"elementor-widget-container\">\n\t\t\t\t\t<p class=\"elementor-heading-title elementor-size-default\">GSEZ propose \u00e0 tous les employ\u00e9s et candidats des opportunit\u00e9s d'emploi \u00e9quitables, sans distinction d'\u00e2ge, de race, de croyances, de religion, d'origine ethnique, de sexe, de grossesse, de handicap, d'\u00e9tat civil, d'identit\u00e9 de genre, ni de tout autre statut prot\u00e9g\u00e9 selon les lois locales en vigueur.<\/p>\t\t\t\t<\/div>\n\t\t\t\t<\/div>\n\t\t\t\t<div class=\"elementor-element elementor-element-05ee2d4 elementor-widget elementor-widget-text-editor\" data-id=\"05ee2d4\" data-element_type=\"widget\" data-e-type=\"widget\" data-widget_type=\"text-editor.default\">\n\t\t\t\t<div class=\"elementor-widget-container\">\n\t\t\t\t\t\t\t\t\t<p>Toutes les professions que vous trouverez au sein de GSEZ sont soumises \u00e0 cette politique, \u00e0 savoir le recrutement, l'embauche, la formation, les affectations, la r\u00e9mun\u00e9ration, les avantages sociaux, les sanctions disciplinaires et les licenciements.<\/p>\t\t\t\t\t\t\t\t<\/div>\n\t\t\t\t<\/div>\n\t\t\t\t<div class=\"elementor-element elementor-element-9ddb136 elementor-widget__width-auto elementor-widget elementor-widget-heading\" data-id=\"9ddb136\" data-element_type=\"widget\" data-e-type=\"widget\" data-widget_type=\"heading.default\">\n\t\t\t\t<div class=\"elementor-widget-container\">\n\t\t\t\t\t<p class=\"elementor-heading-title elementor-size-default\">Si vous souhaitez postuler spontan\u00e9ment, veuillez adresser votre CV ainsi qu'une lettre de motivation \u00e0  <a style='color:orange' href='mailto:job.hr@arisenet.com'>job.hr@arisenet.com <\/a><\/p>\t\t\t\t<\/div>\n\t\t\t\t<\/div>\n\t\t\t\t\t<\/div>\n\t\t<\/div>\n\t\t\t\t\t<\/div>\n\t\t<\/section>\n\t\t\t\t<\/div>","protected":false},"excerpt":{"rendered":"<p>CAREERS Are you qualified and interested in working for a multicultural company? At GSEZ, we value diversity and provide an inclusive work&#8230;<\/p>","protected":false},"author":3,"featured_media":0,"parent":0,"menu_order":0,"comment_status":"closed","ping_status":"closed","template":"","meta":{"_acf_changed":false,"footnotes":""},"class_list":["post-1539","page","type-page","status-publish","hentry"],"acf":[],"yoast_head":"<!-- This site is optimized with the Yoast SEO plugin v27.3 - https:\/\/yoast.com\/product\/yoast-seo-wordpress\/ -->\n<title>Careers - GSEZ<\/title>\n<meta name=\"robots\" content=\"index, follow, max-snippet:-1, max-image-preview:large, max-video-preview:-1\" \/>\n<link rel=\"canonical\" href=\"https:\/\/gsez.com\/fr\/careers\/\" \/>\n<meta property=\"og:locale\" content=\"fr_FR\" \/>\n<meta property=\"og:type\" content=\"article\" \/>\n<meta property=\"og:title\" content=\"Careers - GSEZ\" \/>\n<meta property=\"og:description\" content=\"CAREERS Are you qualified and interested in working for a multicultural company? At GSEZ, we value diversity and provide an inclusive work...\" \/>\n<meta property=\"og:url\" content=\"https:\/\/gsez.com\/fr\/careers\/\" \/>\n<meta property=\"og:site_name\" content=\"GSEZ\" \/>\n<meta property=\"article:publisher\" content=\"https:\/\/www.facebook.com\/gsez.nkok\/\" \/>\n<meta property=\"article:modified_time\" content=\"2024-05-27T13:26:14+00:00\" \/>\n<meta property=\"og:image\" content=\"https:\/\/gsez.com\/wp-content\/uploads\/2022\/07\/image-22.png\" \/>\n<meta name=\"twitter:card\" content=\"summary_large_image\" \/>\n<meta name=\"twitter:label1\" content=\"Dur\u00e9e de lecture estim\u00e9e\" \/>\n\t<meta name=\"twitter:data1\" content=\"1 minute\" \/>\n<script type=\"application\/ld+json\" class=\"yoast-schema-graph\">{\"@context\":\"https:\\\/\\\/schema.org\",\"@graph\":[{\"@type\":\"WebPage\",\"@id\":\"https:\\\/\\\/gsez.com\\\/careers\\\/\",\"url\":\"https:\\\/\\\/gsez.com\\\/careers\\\/\",\"name\":\"Careers - GSEZ\",\"isPartOf\":{\"@id\":\"https:\\\/\\\/gsez.com\\\/#website\"},\"primaryImageOfPage\":{\"@id\":\"https:\\\/\\\/gsez.com\\\/careers\\\/#primaryimage\"},\"image\":{\"@id\":\"https:\\\/\\\/gsez.com\\\/careers\\\/#primaryimage\"},\"thumbnailUrl\":\"https:\\\/\\\/gsez.com\\\/wp-content\\\/uploads\\\/2022\\\/07\\\/image-22.png\",\"datePublished\":\"2022-06-30T13:51:28+00:00\",\"dateModified\":\"2024-05-27T13:26:14+00:00\",\"breadcrumb\":{\"@id\":\"https:\\\/\\\/gsez.com\\\/careers\\\/#breadcrumb\"},\"inLanguage\":\"fr-FR\",\"potentialAction\":[{\"@type\":\"ReadAction\",\"target\":[\"https:\\\/\\\/gsez.com\\\/careers\\\/\"]}]},{\"@type\":\"ImageObject\",\"inLanguage\":\"fr-FR\",\"@id\":\"https:\\\/\\\/gsez.com\\\/careers\\\/#primaryimage\",\"url\":\"https:\\\/\\\/gsez.com\\\/wp-content\\\/uploads\\\/2022\\\/07\\\/image-22.png\",\"contentUrl\":\"https:\\\/\\\/gsez.com\\\/wp-content\\\/uploads\\\/2022\\\/07\\\/image-22.png\"},{\"@type\":\"BreadcrumbList\",\"@id\":\"https:\\\/\\\/gsez.com\\\/careers\\\/#breadcrumb\",\"itemListElement\":[{\"@type\":\"ListItem\",\"position\":1,\"name\":\"Home\",\"item\":\"https:\\\/\\\/gsez.com\\\/\"},{\"@type\":\"ListItem\",\"position\":2,\"name\":\"Careers\"}]},{\"@type\":\"WebSite\",\"@id\":\"https:\\\/\\\/gsez.com\\\/#website\",\"url\":\"https:\\\/\\\/gsez.com\\\/\",\"name\":\"GSEZ\",\"description\":\"\",\"publisher\":{\"@id\":\"https:\\\/\\\/gsez.com\\\/#organization\"},\"potentialAction\":[{\"@type\":\"SearchAction\",\"target\":{\"@type\":\"EntryPoint\",\"urlTemplate\":\"https:\\\/\\\/gsez.com\\\/?s={search_term_string}\"},\"query-input\":{\"@type\":\"PropertyValueSpecification\",\"valueRequired\":true,\"valueName\":\"search_term_string\"}}],\"inLanguage\":\"fr-FR\"},{\"@type\":\"Organization\",\"@id\":\"https:\\\/\\\/gsez.com\\\/#organization\",\"name\":\"GSEZ\",\"url\":\"https:\\\/\\\/gsez.com\\\/\",\"logo\":{\"@type\":\"ImageObject\",\"inLanguage\":\"fr-FR\",\"@id\":\"https:\\\/\\\/gsez.com\\\/#\\\/schema\\\/logo\\\/image\\\/\",\"url\":\"https:\\\/\\\/gsez.com\\\/wp-content\\\/uploads\\\/2023\\\/05\\\/GSEZ-logo.jpg\",\"contentUrl\":\"https:\\\/\\\/gsez.com\\\/wp-content\\\/uploads\\\/2023\\\/05\\\/GSEZ-logo.jpg\",\"width\":100,\"height\":43,\"caption\":\"GSEZ\"},\"image\":{\"@id\":\"https:\\\/\\\/gsez.com\\\/#\\\/schema\\\/logo\\\/image\\\/\"},\"sameAs\":[\"https:\\\/\\\/www.facebook.com\\\/gsez.nkok\\\/\",\"https:\\\/\\\/www.linkedin.com\\\/company\\\/gseznkok\\\/\",\"https:\\\/\\\/www.instagram.com\\\/gseznkok\\\/\",\"https:\\\/\\\/www.youtube.com\\\/c\\\/ariseiip\\\/\"]}]}<\/script>\n<!-- \/ Yoast SEO plugin. -->","yoast_head_json":{"title":"Careers - GSEZ","robots":{"index":"index","follow":"follow","max-snippet":"max-snippet:-1","max-image-preview":"max-image-preview:large","max-video-preview":"max-video-preview:-1"},"canonical":"https:\/\/gsez.com\/fr\/careers\/","og_locale":"fr_FR","og_type":"article","og_title":"Careers - GSEZ","og_description":"CAREERS Are you qualified and interested in working for a multicultural company? At GSEZ, we value diversity and provide an inclusive work...","og_url":"https:\/\/gsez.com\/fr\/careers\/","og_site_name":"GSEZ","article_publisher":"https:\/\/www.facebook.com\/gsez.nkok\/","article_modified_time":"2024-05-27T13:26:14+00:00","og_image":[{"url":"https:\/\/gsez.com\/wp-content\/uploads\/2022\/07\/image-22.png","type":"","width":"","height":""}],"twitter_card":"summary_large_image","twitter_misc":{"Dur\u00e9e de lecture estim\u00e9e":"1 minute"},"schema":{"@context":"https:\/\/schema.org","@graph":[{"@type":"WebPage","@id":"https:\/\/gsez.com\/careers\/","url":"https:\/\/gsez.com\/careers\/","name":"Careers - GSEZ","isPartOf":{"@id":"https:\/\/gsez.com\/#website"},"primaryImageOfPage":{"@id":"https:\/\/gsez.com\/careers\/#primaryimage"},"image":{"@id":"https:\/\/gsez.com\/careers\/#primaryimage"},"thumbnailUrl":"https:\/\/gsez.com\/wp-content\/uploads\/2022\/07\/image-22.png","datePublished":"2022-06-30T13:51:28+00:00","dateModified":"2024-05-27T13:26:14+00:00","breadcrumb":{"@id":"https:\/\/gsez.com\/careers\/#breadcrumb"},"inLanguage":"fr-FR","potentialAction":[{"@type":"ReadAction","target":["https:\/\/gsez.com\/careers\/"]}]},{"@type":"ImageObject","inLanguage":"fr-FR","@id":"https:\/\/gsez.com\/careers\/#primaryimage","url":"https:\/\/gsez.com\/wp-content\/uploads\/2022\/07\/image-22.png","contentUrl":"https:\/\/gsez.com\/wp-content\/uploads\/2022\/07\/image-22.png"},{"@type":"BreadcrumbList","@id":"https:\/\/gsez.com\/careers\/#breadcrumb","itemListElement":[{"@type":"ListItem","position":1,"name":"Home","item":"https:\/\/gsez.com\/"},{"@type":"ListItem","position":2,"name":"Careers"}]},{"@type":"WebSite","@id":"https:\/\/gsez.com\/#website","url":"https:\/\/gsez.com\/","name":"GSEZ","description":"","publisher":{"@id":"https:\/\/gsez.com\/#organization"},"potentialAction":[{"@type":"SearchAction","target":{"@type":"EntryPoint","urlTemplate":"https:\/\/gsez.com\/?s={search_term_string}"},"query-input":{"@type":"PropertyValueSpecification","valueRequired":true,"valueName":"search_term_string"}}],"inLanguage":"fr-FR"},{"@type":"Organization","@id":"https:\/\/gsez.com\/#organization","name":"GSEZ","url":"https:\/\/gsez.com\/","logo":{"@type":"ImageObject","inLanguage":"fr-FR","@id":"https:\/\/gsez.com\/#\/schema\/logo\/image\/","url":"https:\/\/gsez.com\/wp-content\/uploads\/2023\/05\/GSEZ-logo.jpg","contentUrl":"https:\/\/gsez.com\/wp-content\/uploads\/2023\/05\/GSEZ-logo.jpg","width":100,"height":43,"caption":"GSEZ"},"image":{"@id":"https:\/\/gsez.com\/#\/schema\/logo\/image\/"},"sameAs":["https:\/\/www.facebook.com\/gsez.nkok\/","https:\/\/www.linkedin.com\/company\/gseznkok\/","https:\/\/www.instagram.com\/gseznkok\/","https:\/\/www.youtube.com\/c\/ariseiip\/"]}]}},"jetpack_sharing_enabled":true,"_links":{"self":[{"href":"https:\/\/gsez.com\/fr\/wp-json\/wp\/v2\/pages\/1539","targetHints":{"allow":["GET"]}}],"collection":[{"href":"https:\/\/gsez.com\/fr\/wp-json\/wp\/v2\/pages"}],"about":[{"href":"https:\/\/gsez.com\/fr\/wp-json\/wp\/v2\/types\/page"}],"author":[{"embeddable":true,"href":"https:\/\/gsez.com\/fr\/wp-json\/wp\/v2\/users\/3"}],"replies":[{"embeddable":true,"href":"https:\/\/gsez.com\/fr\/wp-json\/wp\/v2\/comments?post=1539"}],"version-history":[{"count":30,"href":"https:\/\/gsez.com\/fr\/wp-json\/wp\/v2\/pages\/1539\/revisions"}],"predecessor-version":[{"id":13063,"href":"https:\/\/gsez.com\/fr\/wp-json\/wp\/v2\/pages\/1539\/revisions\/13063"}],"wp:attachment":[{"href":"https:\/\/gsez.com\/fr\/wp-json\/wp\/v2\/media?parent=1539"}],"curies":[{"name":"wp","href":"https:\/\/api.w.org\/{rel}","templated":true}]}}